{"id":70,"date":"2025-12-26T10:37:17","date_gmt":"2025-12-26T10:37:17","guid":{"rendered":"https:\/\/info.piscinasyspas.com\/vor-dem-kauf\/"},"modified":"2026-04-15T12:04:40","modified_gmt":"2026-04-15T12:04:40","slug":"vor-dem-kauf","status":"publish","type":"page","link":"https:\/\/info.piscinasyspas.com\/de\/vor-dem-kauf\/","title":{"rendered":"Vor dem Kauf"},"content":{"rendered":"<p><div class=\"fusion-fullwidth fullwidth-box fusion-builder-row-1 fusion-flex-container has-pattern-background has-mask-background nonhundred-percent-fullwidth non-hundred-percent-height-scrolling\" style=\"--awb-border-radius-top-left:0px;--awb-border-radius-top-right:0px;--awb-border-radius-bottom-right:0px;--awb-border-radius-bottom-left:0px;--awb-flex-wrap:wrap;\" ><div class=\"fusion-builder-row fusion-row fusion-flex-align-items-flex-start fusion-flex-content-wrap\" style=\"max-width:1248px;margin-left: calc(-4% \/ 2 );margin-right: calc(-4% \/ 2 );\"><div class=\"fusion-layout-column fusion_builder_column fusion-builder-column-0 fusion_builder_column_1_1 1_1 fusion-flex-column\" style=\"--awb-bg-size:cover;--awb-width-large:100%;--awb-margin-top-large:0px;--awb-spacing-right-large:1.92%;--awb-margin-bottom-large:20px;--awb-spacing-left-large:1.92%;--awb-width-medium:100%;--awb-order-medium:0;--awb-spacing-right-medium:1.92%;--awb-spacing-left-medium:1.92%;--awb-width-small:100%;--awb-order-small:0;--awb-spacing-right-small:1.92%;--awb-spacing-left-small:1.92%;\"><div class=\"fusion-column-wrapper fusion-column-has-shadow fusion-flex-justify-content-flex-start fusion-content-layout-column\"><div class=\"fusion-text fusion-text-1\"><h1>Vor dem Kauf eines Whirlpools, Swimspas oder Schwimmbades<\/h1>\n<p>Praktischer Leitfaden zur Bewertung von Platzbedarf, Stromverbrauch, notwendiger Bauarbeiten und tats\u00e4chlichen Kosten, bevor eine Entscheidung getroffen wird. Hier finden Sie die technischen Faktoren, die analysiert werden sollten, um Fehler zu vermeiden und eine fundierte Entscheidung zu treffen. <\/p>\n<p>Die richtige Wahl h\u00e4ngt nicht nur vom Anschaffungspreis ab, sondern vom Zusammenspiel zwischen geplanter Nutzung, technischen Anforderungen und langfristigen Erwartungen.<\/p>\n<\/div><\/div><\/div><\/div><\/div><div class=\"fusion-fullwidth fullwidth-box fusion-builder-row-2 fusion-flex-container has-pattern-background has-mask-background nonhundred-percent-fullwidth non-hundred-percent-height-scrolling\" style=\"--awb-border-radius-top-left:0px;--awb-border-radius-top-right:0px;--awb-border-radius-bottom-right:0px;--awb-border-radius-bottom-left:0px;--awb-flex-wrap:wrap;\" ><div class=\"fusion-builder-row fusion-row fusion-flex-align-items-flex-start fusion-flex-content-wrap\" style=\"max-width:1248px;margin-left: calc(-4% \/ 2 );margin-right: calc(-4% \/ 2 );\"><div class=\"fusion-layout-column fusion_builder_column fusion-builder-column-1 fusion_builder_column_1_2 1_2 fusion-flex-column fusion-flex-align-self-stretch fusion-column-inner-bg-wrapper fusion-column-liftup-border\" style=\"--awb-column-gap:10px;--awb-row-gap:0px;--awb-inner-bg-size:cover;--awb-inner-bg-box-shadow: 6px 18px 10px rgba(0,0,0,0.08);;--awb-border-color:var(--awb-color1);--awb-inner-border-color:var(--awb-color1);--awb-border-top:0;--awb-inner-border-top:0;--awb-border-right:0;--awb-inner-border-right:0;--awb-border-bottom:0;--awb-inner-border-bottom:0;--awb-border-left:0;--awb-inner-border-left:0;--awb-border-style:solid;--awb-inner-border-style:solid;--awb-width-large:50%;--awb-margin-top-large:0px;--awb-spacing-right-large:3.84%;--awb-margin-bottom-large:20px;--awb-spacing-left-large:3.84%;--awb-width-medium:50%;--awb-order-medium:0;--awb-spacing-right-medium:3.84%;--awb-spacing-left-medium:3.84%;--awb-width-small:100%;--awb-order-small:0;--awb-spacing-right-small:1.92%;--awb-spacing-left-small:1.92%;\" title=\"C\u00f3mo decidir cu\u00e1l es mejor para ti\" data-scroll-devices=\"small-visibility,medium-visibility,large-visibility\"><span class=\"fusion-column-inner-bg hover-type-liftup\"><a class=\"fusion-column-anchor\" href=\"https:\/\/info.piscinasyspas.com\/de\/vor-dem-kauf\/whirlpool-swimspa-oder-schwimmbad-klare-orientierungshilfe-vor-der-entscheidung\/\" aria-label=\"Compara las ventajas e inconvenientes de swimspas y piscinas\"><span class=\"fusion-column-inner-bg-image\"><\/span><\/a><\/span><div class=\"fusion-column-wrapper fusion-flex-justify-content-flex-start fusion-content-layout-column\"><div class=\"fusion-title title fusion-title-1 fusion-sep-none fusion-title-center fusion-title-text fusion-title-size-two\" style=\"--awb-margin-bottom:0px;--awb-margin-top-small:10px;--awb-margin-right-small:0px;--awb-margin-bottom-small:10px;--awb-margin-left-small:0px;\"><h2 class=\"fusion-title-heading title-heading-center\" style=\"margin:0;\"><p style=\"color: white; padding-top: 10px; padding-bottom: 10px; width: 100%; background: #0ba9d7;\">\u00bfWHIRLPOOL, SWIMSPA ODER SCHWIMMBAD?<\/p><\/h2><\/div><div class=\"fusion-image-element \" style=\"--awb-margin-top:0px;--awb-caption-title-font-family:var(--h2_typography-font-family);--awb-caption-title-font-weight:var(--h2_typography-font-weight);--awb-caption-title-font-style:var(--h2_typography-font-style);--awb-caption-title-size:var(--h2_typography-font-size);--awb-caption-title-transform:var(--h2_typography-text-transform);--awb-caption-title-line-height:var(--h2_typography-line-height);--awb-caption-title-letter-spacing:var(--h2_typography-letter-spacing);\"><span class=\" fusion-imageframe imageframe-none imageframe-1 hover-type-none\"><img decoding=\"async\" width=\"1376\" height=\"768\" alt=\"Mehrere Personen sitzen in einem Whirlpool\" title=\"Whirlpool, Swimspa oder Schwimmbad\" src=\"https:\/\/info.piscinasyspas.com\/wp-content\/uploads\/2026\/03\/spa-swimspa-o-piscina001.jpg\" class=\"img-responsive wp-image-1220\" srcset=\"https:\/\/info.piscinasyspas.com\/wp-content\/uploads\/2026\/03\/spa-swimspa-o-piscina001-200x112.jpg 200w, https:\/\/info.piscinasyspas.com\/wp-content\/uploads\/2026\/03\/spa-swimspa-o-piscina001-400x223.jpg 400w, https:\/\/info.piscinasyspas.com\/wp-content\/uploads\/2026\/03\/spa-swimspa-o-piscina001-600x335.jpg 600w, https:\/\/info.piscinasyspas.com\/wp-content\/uploads\/2026\/03\/spa-swimspa-o-piscina001-800x447.jpg 800w, https:\/\/info.piscinasyspas.com\/wp-content\/uploads\/2026\/03\/spa-swimspa-o-piscina001-1200x670.jpg 1200w, https:\/\/info.piscinasyspas.com\/wp-content\/uploads\/2026\/03\/spa-swimspa-o-piscina001.jpg 1376w\" sizes=\"(max-width: 640px) 100vw, 600px\" \/><\/span><\/div><div class=\"fusion-text fusion-text-2\" style=\"--awb-font-size:18px;--awb-line-height:1.7;--awb-text-color:var(--awb-color6);--awb-margin-top:10px;\"><p style=\"text-align: center;\"><strong>Klare Orientierungshilfe vor der Entscheidung.<\/strong><\/p>\n<\/div><\/div><\/div><div class=\"fusion-layout-column fusion_builder_column fusion-builder-column-2 fusion_builder_column_1_2 1_2 fusion-flex-column fusion-flex-align-self-stretch fusion-column-inner-bg-wrapper fusion-column-liftup-border\" style=\"--awb-column-gap:10px;--awb-row-gap:0px;--awb-inner-bg-size:cover;--awb-inner-bg-box-shadow: 6px 18px 10px rgba(0,0,0,0.08);;--awb-border-color:var(--awb-color1);--awb-inner-border-color:var(--awb-color1);--awb-border-top:0;--awb-inner-border-top:0;--awb-border-right:0;--awb-inner-border-right:0;--awb-border-bottom:0;--awb-inner-border-bottom:0;--awb-border-left:0;--awb-inner-border-left:0;--awb-border-style:solid;--awb-inner-border-style:solid;--awb-width-large:50%;--awb-margin-top-large:0px;--awb-spacing-right-large:3.84%;--awb-margin-bottom-large:20px;--awb-spacing-left-large:3.84%;--awb-width-medium:50%;--awb-order-medium:0;--awb-spacing-right-medium:3.84%;--awb-spacing-left-medium:3.84%;--awb-width-small:100%;--awb-order-small:0;--awb-spacing-right-small:1.92%;--awb-spacing-left-small:1.92%;\" title=\"C\u00f3mo decidir cu\u00e1l es mejor para ti\" data-scroll-devices=\"small-visibility,medium-visibility,large-visibility\"><span class=\"fusion-column-inner-bg hover-type-liftup\"><a class=\"fusion-column-anchor\" href=\"https:\/\/info.piscinasyspas.com\/de\/vor-dem-kauf\/wie-viel-platz-brauche-ich-wirklich\/\" aria-label=\"Compara las ventajas e inconvenientes de swimspas y piscinas\"><span class=\"fusion-column-inner-bg-image\"><\/span><\/a><\/span><div class=\"fusion-column-wrapper fusion-flex-justify-content-flex-start fusion-content-layout-column\"><div class=\"fusion-title title fusion-title-2 fusion-sep-none fusion-title-center fusion-title-text fusion-title-size-two\" style=\"--awb-margin-bottom:0px;--awb-margin-top-small:10px;--awb-margin-right-small:0px;--awb-margin-bottom-small:10px;--awb-margin-left-small:0px;\"><h2 class=\"fusion-title-heading title-heading-center\" style=\"margin:0;\"><p style=\"color: white; padding-top: 10px; padding-bottom: 10px; width: 100%; background: #0ba9d7;\">\u00bfWIEVIEL PLATZ BRAUCHE ICH WIRKLICH?<\/p><\/h2><\/div><div class=\"fusion-image-element \" style=\"--awb-margin-top:0px;--awb-caption-title-font-family:var(--h2_typography-font-family);--awb-caption-title-font-weight:var(--h2_typography-font-weight);--awb-caption-title-font-style:var(--h2_typography-font-style);--awb-caption-title-size:var(--h2_typography-font-size);--awb-caption-title-transform:var(--h2_typography-text-transform);--awb-caption-title-line-height:var(--h2_typography-line-height);--awb-caption-title-letter-spacing:var(--h2_typography-letter-spacing);\"><span class=\" fusion-imageframe imageframe-none imageframe-2 hover-type-none\"><img decoding=\"async\" width=\"2560\" height=\"1429\" alt=\"Mehrere Personen sitzen in einem Whirlpool\" title=\"Erforderlicher Platz f\u00fcr Whirlpool, Swimspa oder Pool\" src=\"https:\/\/info.piscinasyspas.com\/wp-content\/uploads\/2026\/03\/espacio-necesario-1-scaled.jpg\" class=\"img-responsive wp-image-1221\" srcset=\"https:\/\/info.piscinasyspas.com\/wp-content\/uploads\/2026\/03\/espacio-necesario-1-200x112.jpg 200w, https:\/\/info.piscinasyspas.com\/wp-content\/uploads\/2026\/03\/espacio-necesario-1-400x223.jpg 400w, https:\/\/info.piscinasyspas.com\/wp-content\/uploads\/2026\/03\/espacio-necesario-1-600x335.jpg 600w, https:\/\/info.piscinasyspas.com\/wp-content\/uploads\/2026\/03\/espacio-necesario-1-800x447.jpg 800w, https:\/\/info.piscinasyspas.com\/wp-content\/uploads\/2026\/03\/espacio-necesario-1-1200x670.jpg 1200w, https:\/\/info.piscinasyspas.com\/wp-content\/uploads\/2026\/03\/espacio-necesario-1-scaled.jpg 2560w\" sizes=\"(max-width: 640px) 100vw, 600px\" \/><\/span><\/div><div class=\"fusion-text fusion-text-3\" style=\"--awb-font-size:18px;--awb-line-height:1.7;--awb-text-color:var(--awb-color6);--awb-margin-top:10px;\"><p style=\"text-align: center;\"><strong>Wichtige Aspekte zu Platz, Zugang und Struktur vor der Entscheidung f\u00fcr deine Installation.<\/strong><\/p>\n<\/div><\/div><\/div><div class=\"fusion-layout-column fusion_builder_column fusion-builder-column-3 fusion_builder_column_1_2 1_2 fusion-flex-column fusion-flex-align-self-stretch fusion-column-inner-bg-wrapper fusion-column-liftup-border\" style=\"--awb-column-gap:10px;--awb-row-gap:0px;--awb-inner-bg-size:cover;--awb-inner-bg-box-shadow: 6px 18px 10px rgba(0,0,0,0.08);;--awb-border-color:var(--awb-color1);--awb-inner-border-color:var(--awb-color1);--awb-border-top:0;--awb-inner-border-top:0;--awb-border-right:0;--awb-inner-border-right:0;--awb-border-bottom:0;--awb-inner-border-bottom:0;--awb-border-left:0;--awb-inner-border-left:0;--awb-border-style:solid;--awb-inner-border-style:solid;--awb-width-large:50%;--awb-margin-top-large:0px;--awb-spacing-right-large:3.84%;--awb-margin-bottom-large:20px;--awb-spacing-left-large:3.84%;--awb-width-medium:50%;--awb-order-medium:0;--awb-spacing-right-medium:3.84%;--awb-spacing-left-medium:3.84%;--awb-width-small:100%;--awb-order-small:0;--awb-spacing-right-small:1.92%;--awb-spacing-left-small:1.92%;\" title=\"Consumo el\u00e9ctrico de spas, swimspas y piscinas\" data-scroll-devices=\"small-visibility,medium-visibility,large-visibility\"><span class=\"fusion-column-inner-bg hover-type-liftup\"><a class=\"fusion-column-anchor\" href=\"https:\/\/info.piscinasyspas.com\/de\/vor-dem-kauf\/wie-hoch-wird-der-stronverbrauch-sein\/\" aria-label=\"Consumo el\u00e9ctrico de spas, swimspas y picinas\"><span class=\"fusion-column-inner-bg-image\"><\/span><\/a><\/span><div class=\"fusion-column-wrapper fusion-flex-justify-content-flex-start fusion-content-layout-column\"><div class=\"fusion-title title fusion-title-3 fusion-sep-none fusion-title-center fusion-title-text fusion-title-size-two\" style=\"--awb-margin-bottom:0px;--awb-margin-top-small:10px;--awb-margin-right-small:0px;--awb-margin-bottom-small:10px;--awb-margin-left-small:0px;\"><h2 class=\"fusion-title-heading title-heading-center\" style=\"margin:0;\"><p style=\"color: white; padding-top: 10px; padding-bottom: 10px; width: 100%; background: #0ba9d7;\">\u00bfWIE HOCH IST DER STROMVERBRAUCH?<\/p><\/h2><\/div><div class=\"fusion-image-element \" style=\"--awb-margin-top:0px;--awb-caption-title-font-family:var(--h2_typography-font-family);--awb-caption-title-font-weight:var(--h2_typography-font-weight);--awb-caption-title-font-style:var(--h2_typography-font-style);--awb-caption-title-size:var(--h2_typography-font-size);--awb-caption-title-transform:var(--h2_typography-text-transform);--awb-caption-title-line-height:var(--h2_typography-line-height);--awb-caption-title-letter-spacing:var(--h2_typography-letter-spacing);\"><span class=\" fusion-imageframe imageframe-none imageframe-3 hover-type-none\"><img decoding=\"async\" width=\"1920\" height=\"1080\" alt=\"Mehrere Personen sitzen in einem Whirlpool\" title=\"Stromverbrauch von Whirlpool, Swimspa oder Pool.\" src=\"https:\/\/info.piscinasyspas.com\/wp-content\/uploads\/2026\/03\/spa-consumo-electrico.jpg\" class=\"img-responsive wp-image-1222\" srcset=\"https:\/\/info.piscinasyspas.com\/wp-content\/uploads\/2026\/03\/spa-consumo-electrico-200x113.jpg 200w, https:\/\/info.piscinasyspas.com\/wp-content\/uploads\/2026\/03\/spa-consumo-electrico-400x225.jpg 400w, https:\/\/info.piscinasyspas.com\/wp-content\/uploads\/2026\/03\/spa-consumo-electrico-600x338.jpg 600w, https:\/\/info.piscinasyspas.com\/wp-content\/uploads\/2026\/03\/spa-consumo-electrico-800x450.jpg 800w, https:\/\/info.piscinasyspas.com\/wp-content\/uploads\/2026\/03\/spa-consumo-electrico-1200x675.jpg 1200w, https:\/\/info.piscinasyspas.com\/wp-content\/uploads\/2026\/03\/spa-consumo-electrico.jpg 1920w\" sizes=\"(max-width: 640px) 100vw, 600px\" \/><\/span><\/div><div class=\"fusion-text fusion-text-4\" style=\"--awb-font-size:18px;--awb-line-height:1.7;--awb-text-color:var(--awb-color6);--awb-margin-top:10px;\"><p style=\"text-align: center;\"><strong>Erforderliche Leistung und tats\u00e4chlicher Stromverbrauch vor der Installation.<\/strong><\/p>\n<\/div><\/div><\/div><div class=\"fusion-layout-column fusion_builder_column fusion-builder-column-4 fusion_builder_column_1_2 1_2 fusion-flex-column fusion-flex-align-self-stretch fusion-column-inner-bg-wrapper fusion-column-liftup-border\" style=\"--awb-column-gap:10px;--awb-row-gap:0px;--awb-inner-bg-size:cover;--awb-inner-bg-box-shadow: 6px 18px 10px rgba(0,0,0,0.08);;--awb-border-color:var(--awb-color1);--awb-inner-border-color:var(--awb-color1);--awb-border-top:0;--awb-inner-border-top:0;--awb-border-right:0;--awb-inner-border-right:0;--awb-border-bottom:0;--awb-inner-border-bottom:0;--awb-border-left:0;--awb-inner-border-left:0;--awb-border-style:solid;--awb-inner-border-style:solid;--awb-width-large:50%;--awb-margin-top-large:0px;--awb-spacing-right-large:3.84%;--awb-margin-bottom-large:20px;--awb-spacing-left-large:3.84%;--awb-width-medium:50%;--awb-order-medium:0;--awb-spacing-right-medium:3.84%;--awb-spacing-left-medium:3.84%;--awb-width-small:100%;--awb-order-small:0;--awb-spacing-right-small:1.92%;--awb-spacing-left-small:1.92%;\" title=\"C\u00f3mo decidir cu\u00e1l es mejor para ti\" data-scroll-devices=\"small-visibility,medium-visibility,large-visibility\"><span class=\"fusion-column-inner-bg hover-type-liftup\"><a class=\"fusion-column-anchor\" href=\"https:\/\/info.piscinasyspas.com\/de\/vor-dem-kauf\/welche-baulichen-massnahmen-sind-notwendig\/\" aria-label=\"Compara las ventajas e inconvenientes de swimspas y piscinas\"><span class=\"fusion-column-inner-bg-image\"><\/span><\/a><\/span><div class=\"fusion-column-wrapper fusion-flex-justify-content-flex-start fusion-content-layout-column\"><div class=\"fusion-title title fusion-title-4 fusion-sep-none fusion-title-center fusion-title-text fusion-title-size-two\" style=\"--awb-margin-bottom:0px;--awb-margin-top-small:10px;--awb-margin-right-small:0px;--awb-margin-bottom-small:10px;--awb-margin-left-small:0px;\"><h2 class=\"fusion-title-heading title-heading-center\" style=\"margin:0;\"><p style=\"color: white; padding-top: 10px; padding-bottom: 10px; width: 100%; background: #0ba9d7;\">\u00bfWELCHE BAUMASSNAHMEN SIND NOTWENDIG?<\/p><\/h2><\/div><div class=\"fusion-image-element \" style=\"--awb-margin-top:0px;--awb-caption-title-font-family:var(--h2_typography-font-family);--awb-caption-title-font-weight:var(--h2_typography-font-weight);--awb-caption-title-font-style:var(--h2_typography-font-style);--awb-caption-title-size:var(--h2_typography-font-size);--awb-caption-title-transform:var(--h2_typography-text-transform);--awb-caption-title-line-height:var(--h2_typography-line-height);--awb-caption-title-letter-spacing:var(--h2_typography-letter-spacing);\"><span class=\" fusion-imageframe imageframe-none imageframe-4 hover-type-none\"><img decoding=\"async\" width=\"1920\" height=\"1080\" alt=\"Baumaterialien vor Beginn von Bauarbeiten im Garten.\" title=\"Erforderliche Bauarbeiten f\u00fcr Pools und Whirlpools.\" src=\"https:\/\/info.piscinasyspas.com\/wp-content\/uploads\/2026\/03\/obras-1.jpg\" class=\"img-responsive wp-image-1223\" srcset=\"https:\/\/info.piscinasyspas.com\/wp-content\/uploads\/2026\/03\/obras-1-200x113.jpg 200w, https:\/\/info.piscinasyspas.com\/wp-content\/uploads\/2026\/03\/obras-1-400x225.jpg 400w, https:\/\/info.piscinasyspas.com\/wp-content\/uploads\/2026\/03\/obras-1-600x338.jpg 600w, https:\/\/info.piscinasyspas.com\/wp-content\/uploads\/2026\/03\/obras-1-800x450.jpg 800w, https:\/\/info.piscinasyspas.com\/wp-content\/uploads\/2026\/03\/obras-1-1200x675.jpg 1200w, https:\/\/info.piscinasyspas.com\/wp-content\/uploads\/2026\/03\/obras-1.jpg 1920w\" sizes=\"(max-width: 640px) 100vw, 600px\" \/><\/span><\/div><div class=\"fusion-text fusion-text-5\" style=\"--awb-font-size:18px;--awb-line-height:1.7;--awb-text-color:var(--awb-color6);--awb-margin-top:10px;\"><p style=\"text-align: center;\"><strong>Umfang: von einer Fundamentplatte bis zur vollst\u00e4ndigen Baukonstruktion.<\/strong><\/p>\n<\/div><\/div><\/div><\/div><\/div><div class=\"fusion-fullwidth fullwidth-box fusion-builder-row-3 fusion-flex-container has-pattern-background has-mask-background nonhundred-percent-fullwidth non-hundred-percent-height-scrolling\" style=\"--awb-border-radius-top-left:0px;--awb-border-radius-top-right:0px;--awb-border-radius-bottom-right:0px;--awb-border-radius-bottom-left:0px;--awb-flex-wrap:wrap;\" ><div class=\"fusion-builder-row fusion-row fusion-flex-align-items-flex-start fusion-flex-content-wrap\" style=\"max-width:1248px;margin-left: calc(-4% \/ 2 );margin-right: calc(-4% \/ 2 );\"><div class=\"fusion-layout-column fusion_builder_column fusion-builder-column-5 fusion_builder_column_1_1 1_1 fusion-flex-column\" style=\"--awb-bg-size:cover;--awb-width-large:100%;--awb-margin-top-large:0px;--awb-spacing-right-large:1.92%;--awb-margin-bottom-large:20px;--awb-spacing-left-large:1.92%;--awb-width-medium:100%;--awb-order-medium:0;--awb-spacing-right-medium:1.92%;--awb-spacing-left-medium:1.92%;--awb-width-small:100%;--awb-order-small:0;--awb-spacing-right-small:1.92%;--awb-spacing-left-small:1.92%;\"><div class=\"fusion-column-wrapper fusion-column-has-shadow fusion-flex-justify-content-flex-start fusion-content-layout-column\"><div class=\"fusion-text fusion-text-6\"><h2>Wie man eine fundierte Entscheidung trifft.<\/h2>\n<p>Bevor man in eine Wasserinstallation investiert, sollte man vier grundlegende Aspekte analysieren.<\/p>\n<ul>\n<li><strong>Verf\u00fcgbarer Platz<\/strong>: tats\u00e4chliche Fl\u00e4che, Zug\u00e4nge und strukturelle Einschr\u00e4nkungen.<\/li>\n<li><strong>Stromverbrauch<\/strong>: installierte Leistung und gesch\u00e4tzte monatliche Kosten.<\/li>\n<li>Umfang der Bauarbeiten: technische Basis, Aushub oder strukturelle Eingriffe.<\/li>\n<li><strong>Tats\u00e4chliche Nutzung<\/strong>: gelegentliche Entspannung, regelm\u00e4\u00dfiges Training oder Nutzung mit der Familie.<\/li>\n<\/ul>\n<h2>Empfohlene Schritte vor der Entscheidung<\/h2>\n<h3>1. Bewerte den verf\u00fcgbaren Platz<\/h3>\n<ul>\n<li><a href=\"https:\/\/info.piscinasyspas.com\/de\/vor-dem-kauf\/wie-viel-platz-brauche-ich-wirklich\/\">Wieviel Platz brauche ich tats\u00e4chlich<\/a><\/li>\n<li>Zugang f\u00fcr Transport und Installation<\/li>\n<li>Tragf\u00e4higkeit von Terrassen oder Dachfl\u00e4chen.<\/li>\n<\/ul>\n<h3>2. Analysiere den Verbrauch und die Leistung.<\/h3>\n<ul>\n<li><a href=\"https:\/\/info.piscinasyspas.com\/de\/vor-dem-kauf\/wie-hoch-wird-der-stronverbrauch-sein\/\">Wie hoch wird der Stronverbrauch sein<\/a><\/li>\n<li>Unterschied zwischen W\u00e4rmetauscher und W\u00e4rmepumpe<\/li>\n<\/ul>\n<h3>3. Die notwendigen Bauarbeiten verstehen<\/h3>\n<ul>\n<li><a href=\"https:\/\/info.piscinasyspas.com\/de\/vor-dem-kauf\/welche-baulichen-massnahmen-sind-notwendig\/\">Welche Bauarbeiten sind notwendig<\/a><\/li>\n<li>Oberirdischer oder eingelassener Aufbau<\/li>\n<\/ul>\n<h3>4. Vor der Etscheidung vergleichen<\/h3>\n<ul>\n<li><a href=\"https:\/\/info.piscinasyspas.com\/de\/vor-dem-kauf\/whirlpool-swimspa-oder-schwimmbad-klare-orientierungshilfe-vor-der-entscheidung\/\">Whirlpool, Swimspa oder Schwimmbad<\/a><\/li>\n<li><a href=\"https:\/\/info.piscinasyspas.com\/de\/vergleiche\/\">Technische Vergleiche ansehen.<\/a><\/li>\n<\/ul>\n<h2>H\u00e4ufige Fehler vor dem Kauf.<\/h2>\n<ul>\n<li>Das Gesamtgewicht der Anlage im gef\u00fcllten Zustand untersch\u00e4tzen.<\/li>\n<li>Nach dem Preis w\u00e4hlen, ohne D\u00e4mmung oder Bauqualit\u00e4t zu bewerten.<\/li>\n<li>Keine ausreichende elektrische Leistung einplanen.<\/li>\n<li>Langfristige Energiekosten nicht ber\u00fccksichtigen.<\/li>\n<li>\u00c4sthetik priorisieren, ohne die Wartung zu planen.<\/li>\n<\/ul>\n<h2>Mit technischen Kriterien entscheiden.<\/h2>\n<p>Eine gut informierte Entscheidung reduziert unerwartete Probleme und optimiert die Investition langfristig.<\/p>\n<ul>\n<li><a href=\"https:\/\/info.piscinasyspas.com\/de\/anleitungen\/whirlpools\/\">Umfassender Leitfaden f\u00fcr Whirlpools.<\/a><\/li>\n<li><a href=\"https:\/\/info.piscinasyspas.com\/de\/anleitungen\/swimspas\/\">Umfassender Leitfaden f\u00fcr Swimspas<\/a><\/li>\n<li><a href=\"https:\/\/info.piscinasyspas.com\/guias\/piscinas\/\">Umfassender Leitfaden f\u00fcir Schwimmb\u00e4der<\/a><\/li>\n<\/ul>\n<h2>Professionelle L\u00f6sungen ansehen (Whirlpools und Swimspas)<\/h2>\n<p>Wenn deine Entscheidung zwischen einem Spa und einem Swimspa liegt und du reale Beispiele f\u00fcr Konfigurationen, Qualit\u00e4ten und Bauformen sehen m\u00f6chtest, kann es hilfreich sein, professionelle Kataloge und installierte Modelle anzuschauen. Daf\u00fcr kannst du <a href=\"https:\/\/aqaspas.com\" target=\"_blank\" rel=\"noopener\" title=\"Professionelle Whirlpools und Swimspas\">Aqaspas<\/a> konsultieren.<\/p>\n<\/div><\/div><\/div><\/div><\/div><\/p>\n","protected":false},"excerpt":{"rendered":"","protected":false},"author":1,"featured_media":0,"parent":0,"menu_order":0,"comment_status":"closed","ping_status":"closed","template":"100-width.php","meta":{"footnotes":""},"class_list":["post-70","page","type-page","status-publish","hentry"],"_links":{"self":[{"href":"https:\/\/info.piscinasyspas.com\/de\/wp-json\/wp\/v2\/pages\/70","targetHints":{"allow":["GET"]}}],"collection":[{"href":"https:\/\/info.piscinasyspas.com\/de\/wp-json\/wp\/v2\/pages"}],"about":[{"href":"https:\/\/info.piscinasyspas.com\/de\/wp-json\/wp\/v2\/types\/page"}],"author":[{"embeddable":true,"href":"https:\/\/info.piscinasyspas.com\/de\/wp-json\/wp\/v2\/users\/1"}],"replies":[{"embeddable":true,"href":"https:\/\/info.piscinasyspas.com\/de\/wp-json\/wp\/v2\/comments?post=70"}],"version-history":[{"count":21,"href":"https:\/\/info.piscinasyspas.com\/de\/wp-json\/wp\/v2\/pages\/70\/revisions"}],"predecessor-version":[{"id":1687,"href":"https:\/\/info.piscinasyspas.com\/de\/wp-json\/wp\/v2\/pages\/70\/revisions\/1687"}],"wp:attachment":[{"href":"https:\/\/info.piscinasyspas.com\/de\/wp-json\/wp\/v2\/media?parent=70"}],"curies":[{"name":"wp","href":"https:\/\/api.w.org\/{rel}","templated":true}]}}