{"id":408,"date":"2026-01-05T09:45:42","date_gmt":"2026-01-05T09:45:42","guid":{"rendered":"https:\/\/info.piscinasyspas.com\/anleitungen\/whirlpools\/typen-von-whirlpools\/"},"modified":"2026-01-09T21:20:18","modified_gmt":"2026-01-09T21:20:18","slug":"typen-von-whirlpools","status":"publish","type":"page","link":"https:\/\/info.piscinasyspas.com\/de\/anleitungen\/whirlpools\/typen-von-whirlpools\/","title":{"rendered":"Typen von Whirlpools"},"content":{"rendered":"<p><div class=\"fusion-bg-parallax\" data-bg-align=\"center center\" data-direction=\"up\" data-mute=\"false\" data-opacity=\"100\" data-velocity=\"-0.3\" data-mobile-enabled=\"true\" data-break_parents=\"0\" data-bg-image=\"https:\/\/info.piscinasyspas.com\/wp-content\/uploads\/2026\/01\/tipos-de-spas-hero-image.jpg\" data-bg-repeat=\"false\" ><\/div><div class=\"fusion-fullwidth fullwidth-box fusion-builder-row-1 fusion-flex-container has-pattern-background has-mask-background fusion-parallax-up hundred-percent-fullwidth non-hundred-percent-height-scrolling\" style=\"--awb-border-radius-top-left:0px;--awb-border-radius-top-right:0px;--awb-border-radius-bottom-right:0px;--awb-border-radius-bottom-left:0px;--awb-min-height:40vh;--awb-background-image:url(&quot;https:\/\/info.piscinasyspas.com\/wp-content\/uploads\/2026\/01\/tipos-de-spas-hero-image.jpg&quot;);--awb-background-size:cover;--awb-flex-wrap:wrap;\" ><div class=\"fusion-builder-row fusion-row fusion-flex-align-items-flex-start fusion-flex-content-wrap\" style=\"width:104% !important;max-width:104% !important;margin-left: calc(-4% \/ 2 );margin-right: calc(-4% \/ 2 );\"><div class=\"fusion-layout-column fusion_builder_column fusion-builder-column-0 fusion_builder_column_1_1 1_1 fusion-flex-column fusion-flex-align-self-center\" style=\"--awb-bg-size:cover;--awb-width-large:100%;--awb-margin-top-large:0px;--awb-spacing-right-large:1.92%;--awb-margin-bottom-large:20px;--awb-spacing-left-large:1.92%;--awb-width-medium:100%;--awb-order-medium:0;--awb-spacing-right-medium:1.92%;--awb-spacing-left-medium:1.92%;--awb-width-small:100%;--awb-order-small:0;--awb-spacing-right-small:1.92%;--awb-spacing-left-small:1.92%;\" data-scroll-devices=\"small-visibility,medium-visibility,large-visibility\"><div class=\"fusion-column-wrapper fusion-column-has-shadow fusion-flex-justify-content-center fusion-content-layout-column\"><div class=\"fusion-title title fusion-title-1 fusion-sep-none fusion-title-center fusion-title-text fusion-title-size-one\" style=\"--awb-text-color:var(--awb-color1);--awb-margin-top-small:10px;--awb-margin-right-small:0px;--awb-margin-bottom-small:10px;--awb-margin-left-small:0px;--awb-font-size:60px;\"><h1 class=\"fusion-title-heading title-heading-center\" style=\"font-family:&quot;Montserrat&quot;;font-style:normal;font-weight:700;margin:0;font-size:1em;text-shadow:3px 3px 2px var(--awb-color8);\">Typen von Whirlpools<\/h1><\/div><div class=\"fusion-builder-row fusion-builder-row-inner fusion-row fusion-flex-align-items-flex-start fusion-flex-content-wrap\" style=\"--awb-flex-grow:0;--awb-flex-grow-medium:0;--awb-flex-grow-small:0;--awb-flex-shrink:0;--awb-flex-shrink-medium:0;--awb-flex-shrink-small:0;width:104% !important;max-width:104% !important;margin-left: calc(-4% \/ 2 );margin-right: calc(-4% \/ 2 );\"><div class=\"fusion-layout-column fusion_builder_column_inner fusion-builder-nested-column-0 fusion_builder_column_inner_1_1 1_1 fusion-flex-column\" style=\"--awb-bg-color:rgba(160,160,160,0.54);--awb-bg-color-hover:rgba(160,160,160,0.54);--awb-bg-size:cover;--awb-width-large:100%;--awb-margin-top-large:0px;--awb-spacing-right-large:1.92%;--awb-margin-bottom-large:20px;--awb-spacing-left-large:1.92%;--awb-width-medium:100%;--awb-order-medium:0;--awb-spacing-right-medium:1.92%;--awb-spacing-left-medium:1.92%;--awb-width-small:100%;--awb-order-small:0;--awb-spacing-right-small:1.92%;--awb-spacing-left-small:1.92%;\" data-scroll-devices=\"small-visibility,medium-visibility,large-visibility\"><div class=\"fusion-column-wrapper fusion-column-has-shadow fusion-flex-justify-content-flex-start fusion-content-layout-column\"><div class=\"fusion-title title fusion-title-2 fusion-sep-none fusion-title-center fusion-title-text fusion-title-size-three\" style=\"--awb-text-color:#ffffff;--awb-margin-top-small:10px;--awb-margin-right-small:0px;--awb-margin-bottom-small:10px;--awb-margin-left-small:0px;--awb-font-size:40px;\"><h3 class=\"fusion-title-heading title-heading-center\" style=\"font-family:&quot;Montserrat&quot;;font-style:normal;font-weight:500;margin:0;font-size:1em;\"><p style=\"text-align: center;\">Verwendung und Eigenschaften<\/p><\/h3><\/div><\/div><\/div><\/div><\/div><\/div><\/div><\/div><div class=\"fusion-fullwidth fullwidth-box fusion-builder-row-2 fusion-flex-container has-pattern-background has-mask-background nonhundred-percent-fullwidth non-hundred-percent-height-scrolling\" style=\"--awb-border-radius-top-left:0px;--awb-border-radius-top-right:0px;--awb-border-radius-bottom-right:0px;--awb-border-radius-bottom-left:0px;--awb-flex-wrap:wrap;\" ><div class=\"fusion-builder-row fusion-row fusion-flex-align-items-flex-start fusion-flex-content-wrap\" style=\"max-width:1248px;margin-left: calc(-4% \/ 2 );margin-right: calc(-4% \/ 2 );\"><div class=\"fusion-layout-column fusion_builder_column fusion-builder-column-1 fusion_builder_column_1_1 1_1 fusion-flex-column\" style=\"--awb-bg-size:cover;--awb-width-large:100%;--awb-margin-top-large:0px;--awb-spacing-right-large:1.92%;--awb-margin-bottom-large:20px;--awb-spacing-left-large:1.92%;--awb-width-medium:100%;--awb-order-medium:0;--awb-spacing-right-medium:1.92%;--awb-spacing-left-medium:1.92%;--awb-width-small:100%;--awb-order-small:0;--awb-spacing-right-small:1.92%;--awb-spacing-left-small:1.92%;\"><div class=\"fusion-column-wrapper fusion-column-has-shadow fusion-flex-justify-content-flex-start fusion-content-layout-column\"><div class=\"fusion-text fusion-text-1\"><p>Ein <strong>Whirlpool<\/strong> ist eine <strong>Hydromassageanlage<\/strong> mit Warmwasser, die mit <strong>Umw\u00e4lzung<\/strong>, <strong>Filterung<\/strong> und <strong>Sanit\u00e4rkontrolle<\/strong> arbeitet. Auf technischer Ebene werden Whirlpools haupts\u00e4chlich in <strong>Whirlpools f\u00fcr den Hausgebrauch<\/strong> und <strong>Whirlpools f\u00fcr den Gemeinschaftsgebrauch<\/strong> unterteilt, und dieser Unterschied wirkt sich auf das Design, die Ausstattung und die Hygieneanforderungen aus. Sowohl die Whirlpools f\u00fcr den Hausgebrauch als auch die f\u00fcr den Gemeinschaftsgebrauch k\u00f6nnen <strong>eingebaut<\/strong> oder <strong>aufgesetzt<\/strong> sein und im <strong>Innenbereich<\/strong> oder <strong>Au\u00dfenbereich<\/strong> installiert werden. <strong>Hydromassagewannen<\/strong> (mit Wasserwechsel bei jeder Benutzung) gelten dagegen als eine andere L\u00f6sung und sind haupts\u00e4chlich f\u00fcr den <strong>Innenbereich<\/strong> gedacht.   <\/p>\n<\/div><div class=\"fusion-title title fusion-title-3 fusion-sep-none fusion-title-text fusion-title-size-two\" style=\"--awb-margin-top-small:10px;--awb-margin-right-small:0px;--awb-margin-bottom-small:10px;--awb-margin-left-small:0px;\"><h2 class=\"fusion-title-heading title-heading-left\" style=\"margin:0;\">Whirlpools f\u00fcr den Hausgebrauch<\/h2><\/div><div class=\"fusion-text fusion-text-2\"><p>Ein <strong>Whirlpool f\u00fcr den Hausgebrauch<\/strong> ist f\u00fcr Wohnungen und den privaten Gebrauch gedacht, mit einer geringen Anzahl von Badeg\u00e4sten und auf diesen Gebrauch abgestimmten Betriebszyklen. Normalerweise werden <strong>Umw\u00e4lzung<\/strong> und <strong>Filterung<\/strong> kontinuierlich eingesetzt, und das Design priorisiert Komfort, Energieeffizienz und eine einfachere Installation als in Gemeinschaftsbereichen. Dennoch ist es wichtig, die <strong>Filterung<\/strong>, die <strong>Erw\u00e4rmung<\/strong> und die <strong>Wasseraufbereitung<\/strong> richtig zu dimensionieren, um die sanit\u00e4re Qualit\u00e4t mit einem angemessenen Wartungsaufwand aufrechtzuerhalten.  <\/p>\n<h3>Eingebaut oder \u00fcberirdisch<\/h3>\n<p>Ein Whirlpool f\u00fcr den Hausgebrauch kann <strong>eingebaut<\/strong> (in ein Bauwerk oder eine Struktur integriert) oder \u00fcberirdisch (mit eigener Struktur auf dem Boden installiert) sein. Der Einbau bietet in der Regel ein integrierteres und komfortableres Erscheinungsbild, erfordert aber eine <strong>technische Inspektion<\/strong> und Bel\u00fcftung f\u00fcr die Ger\u00e4te. Der Aufsatz ist schneller zu installieren und erleichtert den Zugang zu Pumpen und Komponenten, schr\u00e4nkt aber die \u00c4sthetik und den Platz um ihn herum st\u00e4rker ein.  <\/p>\n<h3>Innen oder au\u00dfen<\/h3>\n<p>Er kann auch im <strong>Innenbereich<\/strong> oder <strong>Au\u00dfenbereich<\/strong> aufgestellt werden. Im Innenbereich sollten die <strong>Feuchtigkeit<\/strong> und die <strong>Bel\u00fcftung<\/strong> besonders kontrolliert werden, um Kondensation und Sch\u00e4den an den Oberfl\u00e4chen zu vermeiden. Im Au\u00dfenbereich sind neben dem Schutz vor Witterungseinfl\u00fcssen auch die <strong>Isolierung<\/strong> und eine gute <strong>thermische Abdeckung<\/strong> wichtig, um den Verbrauch zu senken und die Temperatur stabil zu halten.<\/p>\n<\/div><div class=\"fusion-title title fusion-title-4 fusion-sep-none fusion-title-text fusion-title-size-two\" style=\"--awb-margin-top-small:10px;--awb-margin-right-small:0px;--awb-margin-bottom-small:10px;--awb-margin-left-small:0px;\"><h2 class=\"fusion-title-heading title-heading-left\" style=\"margin:0;\">Whirlpools f\u00fcr den Gemeinschaftsgebrauch<\/h2><\/div><div class=\"fusion-text fusion-text-3\"><p>Ein <strong>Whirlpool f\u00fcr den Gemeinschaftsgebrauch<\/strong> ist f\u00fcr Einrichtungen mit mehreren Nutzern bestimmt, wie z. B. <strong>Hotels<\/strong>, <strong>Thermalb\u00e4der<\/strong>, <strong>Wellnesszentren<\/strong>, <strong>Sportanlagen<\/strong> und auch <strong>Gemeinschaftsbereiche von Wohnungseigent\u00fcmergemeinschaften<\/strong>. In all diesen F\u00e4llen bedeutet die gemeinsame Nutzung h\u00f6here Anforderungen an <strong>Hygiene<\/strong>, <strong>Sicherheit<\/strong> und <strong>Sanit\u00e4rkontrolle<\/strong>, unabh\u00e4ngig davon, ob der Zugang auf Bewohner oder Kunden beschr\u00e4nkt ist. <\/p>\n<h3>Umlaufender \u00dcberlauf und Wasserkontrolle<\/h3>\n<p>Gemeinschaftliche Whirlpools verf\u00fcgen \u00fcber einen <strong>umlaufenden \u00dcberlauf mit Gitter<\/strong>, \u00e4hnlich wie bei \u00f6ffentlichen Schwimmb\u00e4dern. Dar\u00fcber hinaus ist eine <strong>kontinuierliche Kontrolle des pH-Werts und des Desinfektionsmittels<\/strong> obligatorisch, in der Regel durch automatische Mess- und Dosiersysteme. Diese permanente Kontrolle erm\u00f6glicht es, die sanit\u00e4re Qualit\u00e4t des Wassers innerhalb der von den Vorschriften geforderten Werte zu halten, auch bei einer hohen Nutzerfrequenz. Dies ist ein grundlegender technischer Unterschied zu Whirlpools f\u00fcr den Hausgebrauch, die in der Regel mit manuellen Kontroll- und Einstellsystemen betrieben werden.   <\/p>\n<h3>Eingebaut oder aufgesetzt<\/h3>\n<p>Ein Gemeinschafts-Whirlpool kann <strong>eingebaut<\/strong> oder <strong>aufgesetzt<\/strong> sein, obwohl in der Praxis aus Gr\u00fcnden der <strong>Zug\u00e4nglichkeit<\/strong>, der <strong>Sicherheit<\/strong> und der <strong>Kapazit\u00e4t<\/strong> die eingebauten Whirlpools \u00fcberwiegen. In beiden F\u00e4llen ist es unerl\u00e4sslich, <strong>Technikr\u00e4ume<\/strong>, Wartungszug\u00e4nge und Systeme vorzusehen, die f\u00fcr eine intensive Nutzung ausgelegt sind. <\/p>\n<h3>Installation im Innen- oder Au\u00dfenbereich<\/h3>\n<p>Gemeinschaftliche Whirlpools k\u00f6nnen im <strong>Innenbereich<\/strong> oder <strong>Au\u00dfenbereich<\/strong> installiert werden. Im Innenbereich ist die Kontrolle von <strong>Bel\u00fcftung<\/strong>, <strong>Entfeuchtung<\/strong> und <strong>Korrosion<\/strong> von entscheidender Bedeutung. Im Au\u00dfenbereich sind neben der Umwelteinwirkung auch Aspekte wie <strong>Sicherheit<\/strong>, <strong>Entw\u00e4sserung<\/strong> und die Einhaltung der f\u00fcr Gemeinschaftsanlagen <strong>geltenden Vorschriften<\/strong> zu ber\u00fccksichtigen.<\/p>\n<\/div><div class=\"fusion-title title fusion-title-5 fusion-sep-none fusion-title-text fusion-title-size-two\" style=\"--awb-margin-top-small:10px;--awb-margin-right-small:0px;--awb-margin-bottom-small:10px;--awb-margin-left-small:0px;\"><h2 class=\"fusion-title-heading title-heading-left\" style=\"margin:0;\">Hydromassagewannen<\/h2><\/div><div class=\"fusion-text fusion-text-4\"><p><strong>Hydromassagewannen<\/strong> sind eine andere L\u00f6sung als Whirlpools, obwohl sie oft verwechselt werden. Im Gegensatz zu einem Whirlpool <strong>funktionieren sie nicht mit kontinuierlicher Umw\u00e4lzung<\/strong>: Das Wasser wird <strong>bei jeder Benutzung entleert und erneuert<\/strong>. Aus diesem Grund ben\u00f6tigen sie keine permanenten <strong>Filteranlagen<\/strong> oder <strong>chemische Behandlung<\/strong>, und ihre technische Konzeption ist viel einfacher.  <\/p>\n<h3>Wesentliche Unterschiede zu einem Whirlpool<\/h3>\n<p>Der Hauptunterschied ist die <strong>Art der Wasseraufbereitung<\/strong>. W\u00e4hrend ein Whirlpool das Wasser kontinuierlich warm und aufbereitet h\u00e4lt, wird die Hydromassagewanne f\u00fcr das Bad gef\u00fcllt und nach dem Baden entleert. Dies bedeutet geringere Hygieneanforderungen, schr\u00e4nkt aber auch die Nutzung auf gelegentliche Sitzungen und eine begrenzte Anzahl von Personen ein.  <\/p>\n<h3>Ausschlie\u00dfliche Verwendung im Innenbereich<\/h3>\n<p>Hydromassagewannen gelten als eine L\u00f6sung, die <strong>speziell f\u00fcr den Innenbereich<\/strong> geeignet ist. Sie sind nicht daf\u00fcr ausgelegt, einer dauerhaften Witterungseinwirkung oder einer intensiven oder gemeinsamen Nutzung standzuhalten. Daher werden sie \u00fcblicherweise in <strong>B\u00e4dern<\/strong> oder privaten, klimatisierten R\u00e4umen installiert, wo die Kontrolle von <strong>Feuchtigkeit<\/strong> und <strong>Bel\u00fcftung<\/strong> weiterhin wichtig ist.  <\/p>\n<h3>Wann ist die Wahl einer Hydromassagewanne sinnvoll?<\/h3>\n<p>Eine Hydromassagewanne kann geeignet sein, wenn eine <strong>gelegentliche Nutzung<\/strong> ohne kontinuierliche Wasserpflege und mit einer in das Bad integrierten Installation gew\u00fcnscht wird. Wenn das Ziel eine h\u00e4ufige, gemeinsame oder l\u00e4ngere Nutzung ist, ist die richtige L\u00f6sung ein <strong>Whirlpool<\/strong> und keine Hydromassagewanne.<\/p>\n<\/div><div class=\"fusion-title title fusion-title-6 fusion-sep-none fusion-title-text fusion-title-size-three\" style=\"--awb-margin-top-small:10px;--awb-margin-right-small:0px;--awb-margin-bottom-small:10px;--awb-margin-left-small:0px;\"><h3 class=\"fusion-title-heading title-heading-left\" style=\"margin:0;\">Die Wahl des richtigen Whirlpool-Typs<\/h3><\/div><div class=\"fusion-text fusion-text-5\"><p>Nachdem Sie verstanden haben, welche Arten von Whirlpools es gibt und wof\u00fcr sie jeweils verwendet werden, ist der n\u00e4chste Schritt zu sehen, wie diese Optionen in reale L\u00f6sungen mit unterschiedlichen Konfigurationen und Anwendungen umgesetzt werden.<\/p>\n<p>Wenn Sie Beispiele f\u00fcr private und gewerbliche Whirlpools suchen, k\u00f6nnen Sie den Katalog von Aqaspas einsehen.<\/p>\n<p>\u279c <a href=\"https:\/\/aqaspas.com\" target=\"_self\" title=\"Whirlpools auf der Aqaspas-Website ansehen\" rel=\"noopener\"> Entdecken Sie Aqaspas<\/a><\/p>\n<\/div><\/div><\/div><\/div><\/div><\/p>\n","protected":false},"excerpt":{"rendered":"","protected":false},"author":1,"featured_media":0,"parent":88,"menu_order":0,"comment_status":"closed","ping_status":"closed","template":"100-width.php","meta":{"footnotes":""},"class_list":["post-408","page","type-page","status-publish","hentry"],"_links":{"self":[{"href":"https:\/\/info.piscinasyspas.com\/de\/wp-json\/wp\/v2\/pages\/408","targetHints":{"allow":["GET"]}}],"collection":[{"href":"https:\/\/info.piscinasyspas.com\/de\/wp-json\/wp\/v2\/pages"}],"about":[{"href":"https:\/\/info.piscinasyspas.com\/de\/wp-json\/wp\/v2\/types\/page"}],"author":[{"embeddable":true,"href":"https:\/\/info.piscinasyspas.com\/de\/wp-json\/wp\/v2\/users\/1"}],"replies":[{"embeddable":true,"href":"https:\/\/info.piscinasyspas.com\/de\/wp-json\/wp\/v2\/comments?post=408"}],"version-history":[{"count":2,"href":"https:\/\/info.piscinasyspas.com\/de\/wp-json\/wp\/v2\/pages\/408\/revisions"}],"predecessor-version":[{"id":411,"href":"https:\/\/info.piscinasyspas.com\/de\/wp-json\/wp\/v2\/pages\/408\/revisions\/411"}],"up":[{"embeddable":true,"href":"https:\/\/info.piscinasyspas.com\/de\/wp-json\/wp\/v2\/pages\/88"}],"wp:attachment":[{"href":"https:\/\/info.piscinasyspas.com\/de\/wp-json\/wp\/v2\/media?parent=408"}],"curies":[{"name":"wp","href":"https:\/\/api.w.org\/{rel}","templated":true}]}}